{"id":1949,"date":"2025-12-16T13:35:34","date_gmt":"2025-12-16T13:35:34","guid":{"rendered":"https:\/\/diekunststation.de\/?page_id=1949"},"modified":"2025-12-18T07:31:44","modified_gmt":"2025-12-18T07:31:44","slug":"jeannette-endres-becker","status":"publish","type":"page","link":"https:\/\/diekunststation.de\/index.php\/jeannette-endres-becker\/","title":{"rendered":"Jeannette Endres- Becker"},"content":{"rendered":"\n<figure class=\"wp-block-image size-large is-resized\"><img decoding=\"async\" loading=\"lazy\" src=\"https:\/\/diekunststation.de\/wp-content\/uploads\/2025\/12\/1765998503993-744x1024.jpg\" alt=\"\" class=\"wp-image-1960\" width=\"424\" height=\"584\" srcset=\"https:\/\/diekunststation.de\/wp-content\/uploads\/2025\/12\/1765998503993-744x1024.jpg 744w, https:\/\/diekunststation.de\/wp-content\/uploads\/2025\/12\/1765998503993-218x300.jpg 218w, https:\/\/diekunststation.de\/wp-content\/uploads\/2025\/12\/1765998503993-768x1057.jpg 768w, https:\/\/diekunststation.de\/wp-content\/uploads\/2025\/12\/1765998503993-1116x1536.jpg 1116w, https:\/\/diekunststation.de\/wp-content\/uploads\/2025\/12\/1765998503993-676x931.jpg 676w, https:\/\/diekunststation.de\/wp-content\/uploads\/2025\/12\/1765998503993.jpg 1487w\" sizes=\"(max-width: 424px) 100vw, 424px\" \/><\/figure>\n\n\n\n<p>Instagram: #kunstraumjette<\/p>\n\n\n\n<p>Jeannette Endres-Becker malt Acryl. In ihren Bildern pendelt sie zwischen der abstrakten und der realen Welt, zwischen Fl\u00e4che und Linie, zwischen kr\u00e4ftigen und ged\u00e4mpften Farben. Malen bedeutet f\u00fcr sie, Details einzufangen, die im Alltag nicht gesehen werden.&nbsp;<\/p>\n\n\n\n<p>Diverse Gruppenausstellungen. Erste Einzelausstellung in 2024. Teilnahme an Kursen des Werkhauses der Alanus Hochschule, des Kunstverein Dormagens und des Artefact Bonn. Mitglied der Kunststation seit 2025.<\/p>\n\n\n\n<p>Ausstellungen<\/p>\n\n\n\n<p>Gruppenausstellung in der Fabrik 45 Bonn, 2025<\/p>\n\n\n\n<p>Gruppenausstellung in der Stadtteilbibliothek Bonn Endenich, 2025<\/p>\n\n\n\n<p>Einzelausstellung im Kulturkiosk Oberkassel, 2024<\/p>\n\n\n\n<p>Gruppenausstellung K\u00fcnstlerinnen und K\u00fcnstler aus Beuel und Mirecourt, Rathaus Beuel, 2024<\/p>\n\n\n\n<p>Gruppenausstellung DLR Bonn, 2017, 2018, 2023 und 2025<\/p>\n\n\n\n<p>Gruppenausstellung \u201eK\u00f6lner Dom\u201c der Bonner Malschule &#8211; Johanniter Krankenhaus Bonn, 2012<\/p>\n\n\n\n<p>Gruppenausstellung \u201eBegegnungen\u201c, Bonner Malschule &#8211; Treffpunkt Kunst, 2012<\/p>\n\n\n\n<p>\u201eVersteigerung Kunst\u201c der Bonner Malschule &#8211; Deutsches Museum Bonn, 2011<\/p>\n\n\n\n<p><\/p>\n\n\n\n<p><\/p>\n\n\n\n<figure class=\"wp-block-gallery has-nested-images columns-default is-cropped wp-block-gallery-1 is-layout-flex\">\n<figure class=\"wp-block-image size-large\"><img decoding=\"async\" loading=\"lazy\" width=\"744\" height=\"1024\" data-id=\"1957\"  src=\"https:\/\/diekunststation.de\/wp-content\/uploads\/2025\/12\/1763582840875-1-744x1024.jpg\" alt=\"\" class=\"wp-image-1957\" srcset=\"https:\/\/diekunststation.de\/wp-content\/uploads\/2025\/12\/1763582840875-1-744x1024.jpg 744w, https:\/\/diekunststation.de\/wp-content\/uploads\/2025\/12\/1763582840875-1-218x300.jpg 218w, https:\/\/diekunststation.de\/wp-content\/uploads\/2025\/12\/1763582840875-1-768x1057.jpg 768w, https:\/\/diekunststation.de\/wp-content\/uploads\/2025\/12\/1763582840875-1-1116x1536.jpg 1116w, https:\/\/diekunststation.de\/wp-content\/uploads\/2025\/12\/1763582840875-1-676x931.jpg 676w, https:\/\/diekunststation.de\/wp-content\/uploads\/2025\/12\/1763582840875-1.jpg 1487w\" sizes=\"(max-width: 744px) 100vw, 744px\" \/><\/figure>\n\n\n\n<figure class=\"wp-block-image size-large\"><img decoding=\"async\" loading=\"lazy\" width=\"649\" height=\"1024\" data-id=\"1956\"  src=\"https:\/\/diekunststation.de\/wp-content\/uploads\/2025\/12\/1763582840859-649x1024.jpg\" alt=\"\" class=\"wp-image-1956\" srcset=\"https:\/\/diekunststation.de\/wp-content\/uploads\/2025\/12\/1763582840859-649x1024.jpg 649w, https:\/\/diekunststation.de\/wp-content\/uploads\/2025\/12\/1763582840859-190x300.jpg 190w, https:\/\/diekunststation.de\/wp-content\/uploads\/2025\/12\/1763582840859-768x1211.jpg 768w, https:\/\/diekunststation.de\/wp-content\/uploads\/2025\/12\/1763582840859-974x1536.jpg 974w, https:\/\/diekunststation.de\/wp-content\/uploads\/2025\/12\/1763582840859-1299x2048.jpg 1299w, https:\/\/diekunststation.de\/wp-content\/uploads\/2025\/12\/1763582840859-676x1066.jpg 676w, https:\/\/diekunststation.de\/wp-content\/uploads\/2025\/12\/1763582840859.jpg 1473w\" sizes=\"(max-width: 649px) 100vw, 649px\" \/><\/figure>\n\n\n\n<figure class=\"wp-block-image size-large\"><img decoding=\"async\" loading=\"lazy\" width=\"1024\" height=\"1024\" data-id=\"1955\"  src=\"https:\/\/diekunststation.de\/wp-content\/uploads\/2025\/12\/1763582840846-1024x1024.jpg\" alt=\"\" class=\"wp-image-1955\" srcset=\"https:\/\/diekunststation.de\/wp-content\/uploads\/2025\/12\/1763582840846-1024x1024.jpg 1024w, https:\/\/diekunststation.de\/wp-content\/uploads\/2025\/12\/1763582840846-300x300.jpg 300w, https:\/\/diekunststation.de\/wp-content\/uploads\/2025\/12\/1763582840846-150x150.jpg 150w, https:\/\/diekunststation.de\/wp-content\/uploads\/2025\/12\/1763582840846-768x768.jpg 768w, https:\/\/diekunststation.de\/wp-content\/uploads\/2025\/12\/1763582840846-1536x1536.jpg 1536w, https:\/\/diekunststation.de\/wp-content\/uploads\/2025\/12\/1763582840846-676x676.jpg 676w, https:\/\/diekunststation.de\/wp-content\/uploads\/2025\/12\/1763582840846.jpg 1629w\" sizes=\"(max-width: 1024px) 100vw, 1024px\" \/><\/figure>\n<\/figure>\n","protected":false},"excerpt":{"rendered":"<p>Instagram: #kunstraumjette Jeannette Endres-Becker malt Acryl. In ihren Bildern pendelt sie zwischen der abstrakten und der realen Welt, zwischen Fl\u00e4che und Linie, zwischen kr\u00e4ftigen und ged\u00e4mpften Farben. Malen bedeutet f\u00fcr sie, Details einzufangen, die im Alltag nicht gesehen werden.&nbsp; Diverse Gruppenausstellungen. Erste Einzelausstellung in 2024. Teilnahme an Kursen des Werkhauses der Alanus Hochschule, des Kunstverein [&hellip;]<\/p>\n","protected":false},"author":1,"featured_media":0,"parent":0,"menu_order":0,"comment_status":"closed","ping_status":"closed","template":"template-fullwidth.php","meta":[],"_links":{"self":[{"href":"https:\/\/diekunststation.de\/index.php\/wp-json\/wp\/v2\/pages\/1949"}],"collection":[{"href":"https:\/\/diekunststation.de\/index.php\/wp-json\/wp\/v2\/pages"}],"about":[{"href":"https:\/\/diekunststation.de\/index.php\/wp-json\/wp\/v2\/types\/page"}],"author":[{"embeddable":true,"href":"https:\/\/diekunststation.de\/index.php\/wp-json\/wp\/v2\/users\/1"}],"replies":[{"embeddable":true,"href":"https:\/\/diekunststation.de\/index.php\/wp-json\/wp\/v2\/comments?post=1949"}],"version-history":[{"count":5,"href":"https:\/\/diekunststation.de\/index.php\/wp-json\/wp\/v2\/pages\/1949\/revisions"}],"predecessor-version":[{"id":1962,"href":"https:\/\/diekunststation.de\/index.php\/wp-json\/wp\/v2\/pages\/1949\/revisions\/1962"}],"wp:attachment":[{"href":"https:\/\/diekunststation.de\/index.php\/wp-json\/wp\/v2\/media?parent=1949"}],"curies":[{"name":"wp","href":"https:\/\/api.w.org\/{rel}","templated":true}]}}